{"id":1302,"date":"2024-07-27T12:12:10","date_gmt":"2024-07-27T15:12:10","guid":{"rendered":"https:\/\/grupobendo.com.br\/distribuidora\/minha-conta\/"},"modified":"2025-06-17T20:55:23","modified_gmt":"2025-06-17T23:55:23","slug":"minha-conta","status":"publish","type":"page","link":"https:\/\/grupobendo.com.br\/distribuidora\/minha-conta\/","title":{"rendered":"Minha Conta"},"content":{"rendered":"\t\t<div data-elementor-type=\"wp-page\" data-elementor-id=\"1302\" class=\"elementor elementor-1302\" data-elementor-post-type=\"page\">\n\t\t\t\t<div class=\"elementor-element elementor-element-d478a13 e-flex e-con-boxed e-con e-parent\" data-id=\"d478a13\" data-element_type=\"container\" data-e-type=\"container\">\n\t\t\t\t\t<div class=\"e-con-inner\">\n\t\t\t\t<div class=\"elementor-element elementor-element-b8648af elementor-widget elementor-widget-heading\" data-id=\"b8648af\" data-element_type=\"widget\" data-e-type=\"widget\" data-widget_type=\"heading.default\">\n\t\t\t\t<div class=\"elementor-widget-container\">\n\t\t\t\t\t<h1 class=\"elementor-heading-title elementor-size-default\">Minha Conta<\/h1>\t\t\t\t<\/div>\n\t\t\t\t<\/div>\n\t\t\t\t<div class=\"elementor-element elementor-element-745b849 e-my-account-tabs-vertical elementor-widget elementor-widget-woocommerce-my-account\" data-id=\"745b849\" data-element_type=\"widget\" data-e-type=\"widget\" data-widget_type=\"woocommerce-my-account.default\">\n\t\t\t\t<div class=\"elementor-widget-container\">\n\t\t\t\t\t<div class=\"e-my-account-tab e-my-account-tab__ \">\t\t\t<div class=\"woocommerce\"><\/div>\t\t<\/div>\n\t\t\t\t\t\t<\/div>\n\t\t\t\t<\/div>\n\t\t\t\t\t<\/div>\n\t\t\t\t<\/div>\n\t\t\t\t<\/div>\n\t\t","protected":false},"excerpt":{"rendered":"<p>Minha Conta Painel Pedidos Downloads Endere\u00e7os Detalhes da conta Wishlist Sair Ol\u00e1, integration-senior (n\u00e3o \u00e9 integration-senior? Sair) A partir do painel de controle de sua conta, voc\u00ea pode ver suas compras recentes, gerenciar seus endere\u00e7os de entrega e cobran\u00e7a, e editar sua senha e detalhes da conta.<\/p>\n","protected":false},"author":2,"featured_media":0,"parent":0,"menu_order":0,"comment_status":"closed","ping_status":"closed","template":"elementor_header_footer","meta":{"_joinchat":[],"footnotes":""},"class_list":["post-1302","page","type-page","status-publish","hentry"],"yoast_head":"<!-- This site is optimized with the Yoast SEO plugin v27.4 - https:\/\/yoast.com\/product\/yoast-seo-wordpress\/ -->\n<title>Minha Conta - Bendo Distribuidora<\/title>\n<meta name=\"robots\" content=\"index, follow, max-snippet:-1, max-image-preview:large, max-video-preview:-1\" \/>\n<link rel=\"canonical\" href=\"https:\/\/grupobendo.com.br\/distribuidora\/minha-conta\/\" \/>\n<meta property=\"og:locale\" content=\"pt_BR\" \/>\n<meta property=\"og:type\" content=\"article\" \/>\n<meta property=\"og:title\" content=\"Minha Conta - Bendo Distribuidora\" \/>\n<meta property=\"og:description\" content=\"Minha Conta Painel Pedidos Downloads Endere\u00e7os Detalhes da conta Wishlist Sair Ol\u00e1, integration-senior (n\u00e3o \u00e9 integration-senior? Sair) A partir do painel de controle de sua conta, voc\u00ea pode ver suas compras recentes, gerenciar seus endere\u00e7os de entrega e cobran\u00e7a, e editar sua senha e detalhes da conta.\" \/>\n<meta property=\"og:url\" content=\"https:\/\/grupobendo.com.br\/distribuidora\/minha-conta\/\" \/>\n<meta property=\"og:site_name\" content=\"Bendo Distribuidora\" \/>\n<meta property=\"article:modified_time\" content=\"2025-06-17T23:55:23+00:00\" \/>\n<meta name=\"twitter:card\" content=\"summary_large_image\" \/>\n<meta name=\"twitter:label1\" content=\"Est. tempo de leitura\" \/>\n\t<meta name=\"twitter:data1\" content=\"1 minuto\" \/>\n<script type=\"application\/ld+json\" class=\"yoast-schema-graph\">{\"@context\":\"https:\\\/\\\/schema.org\",\"@graph\":[{\"@type\":\"WebPage\",\"@id\":\"https:\\\/\\\/grupobendo.com.br\\\/distribuidora\\\/minha-conta\\\/\",\"url\":\"https:\\\/\\\/grupobendo.com.br\\\/distribuidora\\\/minha-conta\\\/\",\"name\":\"Minha Conta - Bendo Distribuidora\",\"isPartOf\":{\"@id\":\"https:\\\/\\\/grupobendo.com.br\\\/distribuidora\\\/#website\"},\"datePublished\":\"2024-07-27T15:12:10+00:00\",\"dateModified\":\"2025-06-17T23:55:23+00:00\",\"breadcrumb\":{\"@id\":\"https:\\\/\\\/grupobendo.com.br\\\/distribuidora\\\/minha-conta\\\/#breadcrumb\"},\"inLanguage\":\"pt-BR\",\"potentialAction\":[{\"@type\":\"ReadAction\",\"target\":[\"https:\\\/\\\/grupobendo.com.br\\\/distribuidora\\\/minha-conta\\\/\"]}]},{\"@type\":\"BreadcrumbList\",\"@id\":\"https:\\\/\\\/grupobendo.com.br\\\/distribuidora\\\/minha-conta\\\/#breadcrumb\",\"itemListElement\":[{\"@type\":\"ListItem\",\"position\":1,\"name\":\"In\u00edcio\",\"item\":\"https:\\\/\\\/grupobendo.com.br\\\/distribuidora\\\/\"},{\"@type\":\"ListItem\",\"position\":2,\"name\":\"Minha Conta\"}]},{\"@type\":\"WebSite\",\"@id\":\"https:\\\/\\\/grupobendo.com.br\\\/distribuidora\\\/#website\",\"url\":\"https:\\\/\\\/grupobendo.com.br\\\/distribuidora\\\/\",\"name\":\"Bendo Distribuidora\",\"description\":\"Bendo Distribuidora\",\"publisher\":{\"@id\":\"https:\\\/\\\/grupobendo.com.br\\\/distribuidora\\\/#organization\"},\"potentialAction\":[{\"@type\":\"SearchAction\",\"target\":{\"@type\":\"EntryPoint\",\"urlTemplate\":\"https:\\\/\\\/grupobendo.com.br\\\/distribuidora\\\/?s={search_term_string}\"},\"query-input\":{\"@type\":\"PropertyValueSpecification\",\"valueRequired\":true,\"valueName\":\"search_term_string\"}}],\"inLanguage\":\"pt-BR\"},{\"@type\":\"Organization\",\"@id\":\"https:\\\/\\\/grupobendo.com.br\\\/distribuidora\\\/#organization\",\"name\":\"Bendo Distribuidora\",\"url\":\"https:\\\/\\\/grupobendo.com.br\\\/distribuidora\\\/\",\"logo\":{\"@type\":\"ImageObject\",\"inLanguage\":\"pt-BR\",\"@id\":\"https:\\\/\\\/grupobendo.com.br\\\/distribuidora\\\/#\\\/schema\\\/logo\\\/image\\\/\",\"url\":\"https:\\\/\\\/grupobendo.com.br\\\/distribuidora\\\/wp-content\\\/uploads\\\/2023\\\/03\\\/03-Distribuidora-e1747854159739.png\",\"contentUrl\":\"https:\\\/\\\/grupobendo.com.br\\\/distribuidora\\\/wp-content\\\/uploads\\\/2023\\\/03\\\/03-Distribuidora-e1747854159739.png\",\"width\":300,\"height\":285,\"caption\":\"Bendo Distribuidora\"},\"image\":{\"@id\":\"https:\\\/\\\/grupobendo.com.br\\\/distribuidora\\\/#\\\/schema\\\/logo\\\/image\\\/\"}}]}<\/script>\n<!-- \/ Yoast SEO plugin. -->","yoast_head_json":{"title":"Minha Conta - Bendo Distribuidora","robots":{"index":"index","follow":"follow","max-snippet":"max-snippet:-1","max-image-preview":"max-image-preview:large","max-video-preview":"max-video-preview:-1"},"canonical":"https:\/\/grupobendo.com.br\/distribuidora\/minha-conta\/","og_locale":"pt_BR","og_type":"article","og_title":"Minha Conta - Bendo Distribuidora","og_description":"Minha Conta Painel Pedidos Downloads Endere\u00e7os Detalhes da conta Wishlist Sair Ol\u00e1, integration-senior (n\u00e3o \u00e9 integration-senior? Sair) A partir do painel de controle de sua conta, voc\u00ea pode ver suas compras recentes, gerenciar seus endere\u00e7os de entrega e cobran\u00e7a, e editar sua senha e detalhes da conta.","og_url":"https:\/\/grupobendo.com.br\/distribuidora\/minha-conta\/","og_site_name":"Bendo Distribuidora","article_modified_time":"2025-06-17T23:55:23+00:00","twitter_card":"summary_large_image","twitter_misc":{"Est. tempo de leitura":"1 minuto"},"schema":{"@context":"https:\/\/schema.org","@graph":[{"@type":"WebPage","@id":"https:\/\/grupobendo.com.br\/distribuidora\/minha-conta\/","url":"https:\/\/grupobendo.com.br\/distribuidora\/minha-conta\/","name":"Minha Conta - Bendo Distribuidora","isPartOf":{"@id":"https:\/\/grupobendo.com.br\/distribuidora\/#website"},"datePublished":"2024-07-27T15:12:10+00:00","dateModified":"2025-06-17T23:55:23+00:00","breadcrumb":{"@id":"https:\/\/grupobendo.com.br\/distribuidora\/minha-conta\/#breadcrumb"},"inLanguage":"pt-BR","potentialAction":[{"@type":"ReadAction","target":["https:\/\/grupobendo.com.br\/distribuidora\/minha-conta\/"]}]},{"@type":"BreadcrumbList","@id":"https:\/\/grupobendo.com.br\/distribuidora\/minha-conta\/#breadcrumb","itemListElement":[{"@type":"ListItem","position":1,"name":"In\u00edcio","item":"https:\/\/grupobendo.com.br\/distribuidora\/"},{"@type":"ListItem","position":2,"name":"Minha Conta"}]},{"@type":"WebSite","@id":"https:\/\/grupobendo.com.br\/distribuidora\/#website","url":"https:\/\/grupobendo.com.br\/distribuidora\/","name":"Bendo Distribuidora","description":"Bendo Distribuidora","publisher":{"@id":"https:\/\/grupobendo.com.br\/distribuidora\/#organization"},"potentialAction":[{"@type":"SearchAction","target":{"@type":"EntryPoint","urlTemplate":"https:\/\/grupobendo.com.br\/distribuidora\/?s={search_term_string}"},"query-input":{"@type":"PropertyValueSpecification","valueRequired":true,"valueName":"search_term_string"}}],"inLanguage":"pt-BR"},{"@type":"Organization","@id":"https:\/\/grupobendo.com.br\/distribuidora\/#organization","name":"Bendo Distribuidora","url":"https:\/\/grupobendo.com.br\/distribuidora\/","logo":{"@type":"ImageObject","inLanguage":"pt-BR","@id":"https:\/\/grupobendo.com.br\/distribuidora\/#\/schema\/logo\/image\/","url":"https:\/\/grupobendo.com.br\/distribuidora\/wp-content\/uploads\/2023\/03\/03-Distribuidora-e1747854159739.png","contentUrl":"https:\/\/grupobendo.com.br\/distribuidora\/wp-content\/uploads\/2023\/03\/03-Distribuidora-e1747854159739.png","width":300,"height":285,"caption":"Bendo Distribuidora"},"image":{"@id":"https:\/\/grupobendo.com.br\/distribuidora\/#\/schema\/logo\/image\/"}}]}},"_links":{"self":[{"href":"https:\/\/grupobendo.com.br\/distribuidora\/wp-json\/wp\/v2\/pages\/1302","targetHints":{"allow":["GET"]}}],"collection":[{"href":"https:\/\/grupobendo.com.br\/distribuidora\/wp-json\/wp\/v2\/pages"}],"about":[{"href":"https:\/\/grupobendo.com.br\/distribuidora\/wp-json\/wp\/v2\/types\/page"}],"author":[{"embeddable":true,"href":"https:\/\/grupobendo.com.br\/distribuidora\/wp-json\/wp\/v2\/users\/2"}],"replies":[{"embeddable":true,"href":"https:\/\/grupobendo.com.br\/distribuidora\/wp-json\/wp\/v2\/comments?post=1302"}],"version-history":[{"count":11,"href":"https:\/\/grupobendo.com.br\/distribuidora\/wp-json\/wp\/v2\/pages\/1302\/revisions"}],"predecessor-version":[{"id":2803,"href":"https:\/\/grupobendo.com.br\/distribuidora\/wp-json\/wp\/v2\/pages\/1302\/revisions\/2803"}],"wp:attachment":[{"href":"https:\/\/grupobendo.com.br\/distribuidora\/wp-json\/wp\/v2\/media?parent=1302"}],"curies":[{"name":"wp","href":"https:\/\/api.w.org\/{rel}","templated":true}]}}